{"id":596,"date":"2023-07-22T15:21:55","date_gmt":"2023-07-22T13:21:55","guid":{"rendered":"http:\/\/www.kernaou.bzh\/?page_id=596"},"modified":"2023-07-22T15:21:57","modified_gmt":"2023-07-22T13:21:57","slug":"location-de-velos","status":"publish","type":"page","link":"https:\/\/www.kernaou.bzh\/index.php\/location-de-velos\/","title":{"rendered":"Location de V\u00e9los"},"content":{"rendered":"\n<p>Nous vous proposons \u00e0 la location des v\u00e9los (vtc) \u00e0 assistance \u00e9lectrique avec casque, panier d\u00e9tachable et si\u00e8ge enfant en option afin de profiter de la voie verte au d\u00e9part de Kernaou.<\/p>\n\n\n\n<p><\/p>\n\n\n\n<p>Location \u00e0 la demi-journ\u00e9e pour 1 v\u00e9lo: 15\u20ac ttc<\/p>\n\n\n\n<p>Location \u00e0 la journ\u00e9e pour 1 v\u00e9lo: 22\u20ac ttc<\/p>\n\n\n\n<p>Location 2 jours cons\u00e9cutif 38\u20ac ttc<\/p>\n\n\n\n<p><\/p>\n\n\n\n<p>Location \u00e0 la semaine( 6 jours) pour 1 v\u00e9lo:  110\u20ac ttc <\/p>\n\n\n\n<figure class=\"wp-block-gallery has-nested-images columns-default is-cropped wp-block-gallery-1 is-layout-flex wp-block-gallery-is-layout-flex\">\n<figure class=\"wp-block-image size-large\"><img loading=\"lazy\" decoding=\"async\" width=\"576\" height=\"1024\" data-id=\"598\" src=\"http:\/\/www.kernaou.bzh\/wp-content\/uploads\/2023\/07\/IMG_20230722_112257-576x1024.jpg\" alt=\"\" class=\"wp-image-598\" srcset=\"https:\/\/www.kernaou.bzh\/wp-content\/uploads\/2023\/07\/IMG_20230722_112257-576x1024.jpg 576w, https:\/\/www.kernaou.bzh\/wp-content\/uploads\/2023\/07\/IMG_20230722_112257-scaled-600x1067.jpg 600w, https:\/\/www.kernaou.bzh\/wp-content\/uploads\/2023\/07\/IMG_20230722_112257-169x300.jpg 169w, https:\/\/www.kernaou.bzh\/wp-content\/uploads\/2023\/07\/IMG_20230722_112257-84x150.jpg 84w, https:\/\/www.kernaou.bzh\/wp-content\/uploads\/2023\/07\/IMG_20230722_112257-768x1365.jpg 768w, https:\/\/www.kernaou.bzh\/wp-content\/uploads\/2023\/07\/IMG_20230722_112257-864x1536.jpg 864w, https:\/\/www.kernaou.bzh\/wp-content\/uploads\/2023\/07\/IMG_20230722_112257-1152x2048.jpg 1152w, https:\/\/www.kernaou.bzh\/wp-content\/uploads\/2023\/07\/IMG_20230722_112257-scaled.jpg 1440w\" sizes=\"auto, (max-width: 576px) 100vw, 576px\" \/><\/figure>\n\n\n\n<figure class=\"wp-block-image size-large\"><img loading=\"lazy\" decoding=\"async\" width=\"1024\" height=\"576\" data-id=\"597\" src=\"http:\/\/www.kernaou.bzh\/wp-content\/uploads\/2023\/07\/IMG_20230722_112323-1024x576.jpg\" alt=\"\" class=\"wp-image-597\" srcset=\"https:\/\/www.kernaou.bzh\/wp-content\/uploads\/2023\/07\/IMG_20230722_112323-1024x576.jpg 1024w, https:\/\/www.kernaou.bzh\/wp-content\/uploads\/2023\/07\/IMG_20230722_112323-scaled-600x338.jpg 600w, https:\/\/www.kernaou.bzh\/wp-content\/uploads\/2023\/07\/IMG_20230722_112323-300x169.jpg 300w, https:\/\/www.kernaou.bzh\/wp-content\/uploads\/2023\/07\/IMG_20230722_112323-150x84.jpg 150w, https:\/\/www.kernaou.bzh\/wp-content\/uploads\/2023\/07\/IMG_20230722_112323-768x432.jpg 768w, https:\/\/www.kernaou.bzh\/wp-content\/uploads\/2023\/07\/IMG_20230722_112323-1536x864.jpg 1536w, https:\/\/www.kernaou.bzh\/wp-content\/uploads\/2023\/07\/IMG_20230722_112323-2048x1152.jpg 2048w\" sizes=\"auto, (max-width: 1024px) 100vw, 1024px\" \/><\/figure>\n<\/figure>\n","protected":false},"excerpt":{"rendered":"<p>Nous vous proposons \u00e0 la location des v\u00e9los (vtc) \u00e0 assistance \u00e9lectrique avec casque, panier d\u00e9tachable et si\u00e8ge enfant en option afin de profiter de la voie verte au d\u00e9part de Kernaou. Location \u00e0 la demi-journ\u00e9e pour 1 v\u00e9lo: 15\u20ac ttc Location \u00e0 la journ\u00e9e pour 1 v\u00e9lo: 22\u20ac ttc Location 2 jours cons\u00e9cutif 38\u20ac [&hellip;]<\/p>\n","protected":false},"author":1,"featured_media":0,"parent":0,"menu_order":0,"comment_status":"closed","ping_status":"closed","template":"","meta":{"footnotes":""},"class_list":["post-596","page","type-page","status-publish","hentry"],"yoast_head":"<!-- This site is optimized with the Yoast SEO plugin v27.3 - https:\/\/yoast.com\/product\/yoast-seo-wordpress\/ -->\n<title>Location de V\u00e9los - Hameau de Kernaou<\/title>\n<meta name=\"robots\" content=\"index, follow, max-snippet:-1, max-image-preview:large, max-video-preview:-1\" \/>\n<link rel=\"canonical\" href=\"https:\/\/www.kernaou.bzh\/index.php\/location-de-velos\/\" \/>\n<meta property=\"og:locale\" content=\"fr_FR\" \/>\n<meta property=\"og:type\" content=\"article\" \/>\n<meta property=\"og:title\" content=\"Location de V\u00e9los - Hameau de Kernaou\" \/>\n<meta property=\"og:description\" content=\"Nous vous proposons \u00e0 la location des v\u00e9los (vtc) \u00e0 assistance \u00e9lectrique avec casque, panier d\u00e9tachable et si\u00e8ge enfant en option afin de profiter de la voie verte au d\u00e9part de Kernaou. Location \u00e0 la demi-journ\u00e9e pour 1 v\u00e9lo: 15\u20ac ttc Location \u00e0 la journ\u00e9e pour 1 v\u00e9lo: 22\u20ac ttc Location 2 jours cons\u00e9cutif 38\u20ac [&hellip;]\" \/>\n<meta property=\"og:url\" content=\"https:\/\/www.kernaou.bzh\/index.php\/location-de-velos\/\" \/>\n<meta property=\"og:site_name\" content=\"Hameau de Kernaou\" \/>\n<meta property=\"article:modified_time\" content=\"2023-07-22T13:21:57+00:00\" \/>\n<meta property=\"og:image\" content=\"http:\/\/www.kernaou.bzh\/wp-content\/uploads\/2023\/07\/IMG_20230722_112257-576x1024.jpg\" \/>\n<meta name=\"twitter:card\" content=\"summary_large_image\" \/>\n<script type=\"application\/ld+json\" class=\"yoast-schema-graph\">{\"@context\":\"https:\\\/\\\/schema.org\",\"@graph\":[{\"@type\":\"WebPage\",\"@id\":\"https:\\\/\\\/www.kernaou.bzh\\\/index.php\\\/location-de-velos\\\/\",\"url\":\"https:\\\/\\\/www.kernaou.bzh\\\/index.php\\\/location-de-velos\\\/\",\"name\":\"Location de V\u00e9los - Hameau de Kernaou\",\"isPartOf\":{\"@id\":\"https:\\\/\\\/www.kernaou.bzh\\\/#website\"},\"primaryImageOfPage\":{\"@id\":\"https:\\\/\\\/www.kernaou.bzh\\\/index.php\\\/location-de-velos\\\/#primaryimage\"},\"image\":{\"@id\":\"https:\\\/\\\/www.kernaou.bzh\\\/index.php\\\/location-de-velos\\\/#primaryimage\"},\"thumbnailUrl\":\"http:\\\/\\\/www.kernaou.bzh\\\/wp-content\\\/uploads\\\/2023\\\/07\\\/IMG_20230722_112257-576x1024.jpg\",\"datePublished\":\"2023-07-22T13:21:55+00:00\",\"dateModified\":\"2023-07-22T13:21:57+00:00\",\"breadcrumb\":{\"@id\":\"https:\\\/\\\/www.kernaou.bzh\\\/index.php\\\/location-de-velos\\\/#breadcrumb\"},\"inLanguage\":\"fr-FR\",\"potentialAction\":[{\"@type\":\"ReadAction\",\"target\":[\"https:\\\/\\\/www.kernaou.bzh\\\/index.php\\\/location-de-velos\\\/\"]}]},{\"@type\":\"ImageObject\",\"inLanguage\":\"fr-FR\",\"@id\":\"https:\\\/\\\/www.kernaou.bzh\\\/index.php\\\/location-de-velos\\\/#primaryimage\",\"url\":\"http:\\\/\\\/www.kernaou.bzh\\\/wp-content\\\/uploads\\\/2023\\\/07\\\/IMG_20230722_112257-576x1024.jpg\",\"contentUrl\":\"http:\\\/\\\/www.kernaou.bzh\\\/wp-content\\\/uploads\\\/2023\\\/07\\\/IMG_20230722_112257-576x1024.jpg\"},{\"@type\":\"BreadcrumbList\",\"@id\":\"https:\\\/\\\/www.kernaou.bzh\\\/index.php\\\/location-de-velos\\\/#breadcrumb\",\"itemListElement\":[{\"@type\":\"ListItem\",\"position\":1,\"name\":\"Accueil\",\"item\":\"https:\\\/\\\/www.kernaou.bzh\\\/\"},{\"@type\":\"ListItem\",\"position\":2,\"name\":\"Location de V\u00e9los\"}]},{\"@type\":\"WebSite\",\"@id\":\"https:\\\/\\\/www.kernaou.bzh\\\/#website\",\"url\":\"https:\\\/\\\/www.kernaou.bzh\\\/\",\"name\":\"Hameau de Kernaou\",\"description\":\"Redonnons vie \u00e0 ce patrimoine\",\"publisher\":{\"@id\":\"https:\\\/\\\/www.kernaou.bzh\\\/#organization\"},\"potentialAction\":[{\"@type\":\"SearchAction\",\"target\":{\"@type\":\"EntryPoint\",\"urlTemplate\":\"https:\\\/\\\/www.kernaou.bzh\\\/?s={search_term_string}\"},\"query-input\":{\"@type\":\"PropertyValueSpecification\",\"valueRequired\":true,\"valueName\":\"search_term_string\"}}],\"inLanguage\":\"fr-FR\"},{\"@type\":\"Organization\",\"@id\":\"https:\\\/\\\/www.kernaou.bzh\\\/#organization\",\"name\":\"Hameau de Kernaou\",\"url\":\"https:\\\/\\\/www.kernaou.bzh\\\/\",\"logo\":{\"@type\":\"ImageObject\",\"inLanguage\":\"fr-FR\",\"@id\":\"https:\\\/\\\/www.kernaou.bzh\\\/#\\\/schema\\\/logo\\\/image\\\/\",\"url\":\"https:\\\/\\\/www.kernaou.bzh\\\/wp-content\\\/uploads\\\/2021\\\/09\\\/cropped-cropped-cropped-cropped-Capture-decran-2021-09-12-a-16.15.43-1.png\",\"contentUrl\":\"https:\\\/\\\/www.kernaou.bzh\\\/wp-content\\\/uploads\\\/2021\\\/09\\\/cropped-cropped-cropped-cropped-Capture-decran-2021-09-12-a-16.15.43-1.png\",\"width\":512,\"height\":512,\"caption\":\"Hameau de Kernaou\"},\"image\":{\"@id\":\"https:\\\/\\\/www.kernaou.bzh\\\/#\\\/schema\\\/logo\\\/image\\\/\"}}]}<\/script>\n<!-- \/ Yoast SEO plugin. -->","yoast_head_json":{"title":"Location de V\u00e9los - Hameau de Kernaou","robots":{"index":"index","follow":"follow","max-snippet":"max-snippet:-1","max-image-preview":"max-image-preview:large","max-video-preview":"max-video-preview:-1"},"canonical":"https:\/\/www.kernaou.bzh\/index.php\/location-de-velos\/","og_locale":"fr_FR","og_type":"article","og_title":"Location de V\u00e9los - Hameau de Kernaou","og_description":"Nous vous proposons \u00e0 la location des v\u00e9los (vtc) \u00e0 assistance \u00e9lectrique avec casque, panier d\u00e9tachable et si\u00e8ge enfant en option afin de profiter de la voie verte au d\u00e9part de Kernaou. Location \u00e0 la demi-journ\u00e9e pour 1 v\u00e9lo: 15\u20ac ttc Location \u00e0 la journ\u00e9e pour 1 v\u00e9lo: 22\u20ac ttc Location 2 jours cons\u00e9cutif 38\u20ac [&hellip;]","og_url":"https:\/\/www.kernaou.bzh\/index.php\/location-de-velos\/","og_site_name":"Hameau de Kernaou","article_modified_time":"2023-07-22T13:21:57+00:00","og_image":[{"url":"http:\/\/www.kernaou.bzh\/wp-content\/uploads\/2023\/07\/IMG_20230722_112257-576x1024.jpg","type":"","width":"","height":""}],"twitter_card":"summary_large_image","schema":{"@context":"https:\/\/schema.org","@graph":[{"@type":"WebPage","@id":"https:\/\/www.kernaou.bzh\/index.php\/location-de-velos\/","url":"https:\/\/www.kernaou.bzh\/index.php\/location-de-velos\/","name":"Location de V\u00e9los - Hameau de Kernaou","isPartOf":{"@id":"https:\/\/www.kernaou.bzh\/#website"},"primaryImageOfPage":{"@id":"https:\/\/www.kernaou.bzh\/index.php\/location-de-velos\/#primaryimage"},"image":{"@id":"https:\/\/www.kernaou.bzh\/index.php\/location-de-velos\/#primaryimage"},"thumbnailUrl":"http:\/\/www.kernaou.bzh\/wp-content\/uploads\/2023\/07\/IMG_20230722_112257-576x1024.jpg","datePublished":"2023-07-22T13:21:55+00:00","dateModified":"2023-07-22T13:21:57+00:00","breadcrumb":{"@id":"https:\/\/www.kernaou.bzh\/index.php\/location-de-velos\/#breadcrumb"},"inLanguage":"fr-FR","potentialAction":[{"@type":"ReadAction","target":["https:\/\/www.kernaou.bzh\/index.php\/location-de-velos\/"]}]},{"@type":"ImageObject","inLanguage":"fr-FR","@id":"https:\/\/www.kernaou.bzh\/index.php\/location-de-velos\/#primaryimage","url":"http:\/\/www.kernaou.bzh\/wp-content\/uploads\/2023\/07\/IMG_20230722_112257-576x1024.jpg","contentUrl":"http:\/\/www.kernaou.bzh\/wp-content\/uploads\/2023\/07\/IMG_20230722_112257-576x1024.jpg"},{"@type":"BreadcrumbList","@id":"https:\/\/www.kernaou.bzh\/index.php\/location-de-velos\/#breadcrumb","itemListElement":[{"@type":"ListItem","position":1,"name":"Accueil","item":"https:\/\/www.kernaou.bzh\/"},{"@type":"ListItem","position":2,"name":"Location de V\u00e9los"}]},{"@type":"WebSite","@id":"https:\/\/www.kernaou.bzh\/#website","url":"https:\/\/www.kernaou.bzh\/","name":"Hameau de Kernaou","description":"Redonnons vie \u00e0 ce patrimoine","publisher":{"@id":"https:\/\/www.kernaou.bzh\/#organization"},"potentialAction":[{"@type":"SearchAction","target":{"@type":"EntryPoint","urlTemplate":"https:\/\/www.kernaou.bzh\/?s={search_term_string}"},"query-input":{"@type":"PropertyValueSpecification","valueRequired":true,"valueName":"search_term_string"}}],"inLanguage":"fr-FR"},{"@type":"Organization","@id":"https:\/\/www.kernaou.bzh\/#organization","name":"Hameau de Kernaou","url":"https:\/\/www.kernaou.bzh\/","logo":{"@type":"ImageObject","inLanguage":"fr-FR","@id":"https:\/\/www.kernaou.bzh\/#\/schema\/logo\/image\/","url":"https:\/\/www.kernaou.bzh\/wp-content\/uploads\/2021\/09\/cropped-cropped-cropped-cropped-Capture-decran-2021-09-12-a-16.15.43-1.png","contentUrl":"https:\/\/www.kernaou.bzh\/wp-content\/uploads\/2021\/09\/cropped-cropped-cropped-cropped-Capture-decran-2021-09-12-a-16.15.43-1.png","width":512,"height":512,"caption":"Hameau de Kernaou"},"image":{"@id":"https:\/\/www.kernaou.bzh\/#\/schema\/logo\/image\/"}}]}},"_links":{"self":[{"href":"https:\/\/www.kernaou.bzh\/index.php\/wp-json\/wp\/v2\/pages\/596","targetHints":{"allow":["GET"]}}],"collection":[{"href":"https:\/\/www.kernaou.bzh\/index.php\/wp-json\/wp\/v2\/pages"}],"about":[{"href":"https:\/\/www.kernaou.bzh\/index.php\/wp-json\/wp\/v2\/types\/page"}],"author":[{"embeddable":true,"href":"https:\/\/www.kernaou.bzh\/index.php\/wp-json\/wp\/v2\/users\/1"}],"replies":[{"embeddable":true,"href":"https:\/\/www.kernaou.bzh\/index.php\/wp-json\/wp\/v2\/comments?post=596"}],"version-history":[{"count":1,"href":"https:\/\/www.kernaou.bzh\/index.php\/wp-json\/wp\/v2\/pages\/596\/revisions"}],"predecessor-version":[{"id":599,"href":"https:\/\/www.kernaou.bzh\/index.php\/wp-json\/wp\/v2\/pages\/596\/revisions\/599"}],"wp:attachment":[{"href":"https:\/\/www.kernaou.bzh\/index.php\/wp-json\/wp\/v2\/media?parent=596"}],"curies":[{"name":"wp","href":"https:\/\/api.w.org\/{rel}","templated":true}]}}