{"id":375,"date":"2022-03-01T18:38:28","date_gmt":"2022-03-01T17:38:28","guid":{"rendered":"http:\/\/www.kernaou.bzh\/?page_id=375"},"modified":"2022-03-01T19:13:02","modified_gmt":"2022-03-01T18:13:02","slug":"comment-nous-aider-a-restaurer-ce-patrimoine","status":"publish","type":"page","link":"https:\/\/www.kernaou.bzh\/index.php\/comment-nous-aider-a-restaurer-ce-patrimoine\/","title":{"rendered":"Comment nous aider \u00e0 restaurer ce patrimoine."},"content":{"rendered":"\n<p>Nous portons cette aventure en famille et savons que nous ne pourrons aboutir pleinement et rapidement sans votre soutien.<\/p>\n\n\n\n<p>Nous avons besoin d&rsquo;artisans ayant une bonne connaissance du b\u00e2tit ancien, des bras et \u00e7a nous pouvons compter sur notre entourage, mais aussi du financement participatif avec contrepartie pour la restauration de ce patrimoine.<\/p>\n\n\n\n<p>Nous nous sommes faits accompagner par \u00ab\u00a0Dartagnans\u00a0\u00bb qui est un partenaire qui aide \u00e0 porter les projets, ils sont sp\u00e9cialis\u00e9s dans le patrimoine .<\/p>\n\n\n\n<p>Nous avons mis en place une campagne de crowdfunding nous permettant de mettre la ferme N\u00b03 hors d&rsquo;eau et d&rsquo;air.<\/p>\n\n\n\n<p>Cette campagne, nous l&rsquo;avons intitul\u00e9 : \u00ab\u00a0<a href=\"https:\/\/dartagnans.fr\/fr\/projects\/redonnons-vie-au-hameau-de-kernaou\/campaign\">Redonnons vie au hameau de Kernaou<\/a>\u00ab\u00a0<\/p>\n\n\n\n<p>N&rsquo;h\u00e9sitez pas \u00e0 vous y inscrire et \u00e0 partager autour de vous.<\/p>\n\n\n\n<h3 class=\"wp-block-heading\">Pr\u00e9sentation du projet<\/h3>\n\n\n\n<p>Il s&rsquo;agit d&rsquo;un site remarquable, un patrimoine charg\u00e9 d&rsquo;Histoire que l&rsquo;on ne peut plus laisser se d\u00e9grader davantage. Nous entendons par \u00ab\u00a0on\u00a0\u00bb, l&rsquo;ensemble de la population, dans notre int\u00e9r\u00eat commun et celui des g\u00e9n\u00e9rations futures. Il se&nbsp;d\u00e9t\u00e9riore de jour en jour. Ce hameau \u00e9tait l\u00e0 avant nous et le restera ensuite. Il fait partie d&rsquo;un patrimoine qui m\u00e9rite&nbsp;d&rsquo;\u00eatre restaur\u00e9 et pr\u00e9serv\u00e9.<\/p>\n\n\n\n<p>Nous souhaitons lui redonner vie afin d&rsquo;y accueillir sous diff\u00e9rentes fa\u00e7ons, la population locale, les touristes, les particuliers comme les groupes sous forme d&rsquo;h\u00e9bergement ou d&rsquo;activit\u00e9s diverses.<\/p>\n\n\n\n<p>Notre projet, pour le printemps 2023, est d&rsquo;offrir une vue sur le hameau restaur\u00e9 aux usag\u00e9s de la voie verte et d&rsquo;y accueillir tant des gens de passage que des r\u00e9sidents de la Presqu&rsquo;\u00eele. Nous souhaitons en faire un lieu vivant en proposant des services, des activit\u00e9s culturelles, en sensibilisant au travers d&rsquo;un patrimoine situ\u00e9 dans un environnement pr\u00e9serv\u00e9 et durable. Le hameau recevra des spectacles culturels, th\u00e9\u00e2traux, musicaux. Ce lieu a vocation \u00e0 se rendre accueillant pour les locaux afin d&rsquo;y organiser des journ\u00e9es \u00e0 th\u00e8me par un panel de prestations (accueil de spectacles divers&#8230;), de locations (meubl\u00e9s et salle de r\u00e9union) et d&rsquo;activit\u00e9s (de pleine nature: tir \u00e0 l&rsquo;arc, course d&rsquo;orientation&#8230;, bien-\u00eatre: SPA, bain nordique) que nous proposerons en son sein, pour les scolaires, les familles, les entreprises&#8230; et \u00e9galement pour les touristes d\u00e9sireux de profiter pleinement de cet environnement. Nous sommes soucieux de d\u00e9velopper un partenariat avec les diff\u00e9rents acteurs locaux.<\/p>\n\n\n\n<p>C&rsquo;est de cette fa\u00e7on que nous pourrons poursuivre l&rsquo;entretien g\u00e9n\u00e9ral de ce site d&rsquo;exception.<\/p>\n\n\n\n<div class=\"wp-block-image\"><figure class=\"aligncenter size-large is-resized\"><img loading=\"lazy\" decoding=\"async\" src=\"http:\/\/www.kernaou.bzh\/wp-content\/uploads\/2022\/03\/Fichier-9KERNAOU-972x1024.png\" alt=\"\" class=\"wp-image-376\" width=\"263\" height=\"277\" srcset=\"https:\/\/www.kernaou.bzh\/wp-content\/uploads\/2022\/03\/Fichier-9KERNAOU-972x1024.png 972w, https:\/\/www.kernaou.bzh\/wp-content\/uploads\/2022\/03\/Fichier-9KERNAOU-600x632.png 600w, https:\/\/www.kernaou.bzh\/wp-content\/uploads\/2022\/03\/Fichier-9KERNAOU-285x300.png 285w, https:\/\/www.kernaou.bzh\/wp-content\/uploads\/2022\/03\/Fichier-9KERNAOU-142x150.png 142w, https:\/\/www.kernaou.bzh\/wp-content\/uploads\/2022\/03\/Fichier-9KERNAOU-768x809.png 768w, https:\/\/www.kernaou.bzh\/wp-content\/uploads\/2022\/03\/Fichier-9KERNAOU-1459x1536.png 1459w, https:\/\/www.kernaou.bzh\/wp-content\/uploads\/2022\/03\/Fichier-9KERNAOU-1945x2048.png 1945w\" sizes=\"auto, (max-width: 263px) 100vw, 263px\" \/><\/figure><\/div>\n\n\n\n<p><\/p>\n","protected":false},"excerpt":{"rendered":"<p>Nous portons cette aventure en famille et savons que nous ne pourrons aboutir pleinement et rapidement sans votre soutien. Nous avons besoin d&rsquo;artisans ayant une bonne connaissance du b\u00e2tit ancien, des bras et \u00e7a nous pouvons compter sur notre entourage, mais aussi du financement participatif avec contrepartie pour la restauration de ce patrimoine. Nous nous [&hellip;]<\/p>\n","protected":false},"author":1,"featured_media":0,"parent":0,"menu_order":0,"comment_status":"closed","ping_status":"closed","template":"","meta":{"footnotes":""},"class_list":["post-375","page","type-page","status-publish","hentry"],"yoast_head":"<!-- This site is optimized with the Yoast SEO plugin v27.3 - https:\/\/yoast.com\/product\/yoast-seo-wordpress\/ -->\n<title>Comment nous aider \u00e0 restaurer ce patrimoine. - Hameau de Kernaou<\/title>\n<meta name=\"robots\" content=\"index, follow, max-snippet:-1, max-image-preview:large, max-video-preview:-1\" \/>\n<link rel=\"canonical\" href=\"https:\/\/www.kernaou.bzh\/index.php\/comment-nous-aider-a-restaurer-ce-patrimoine\/\" \/>\n<meta property=\"og:locale\" content=\"fr_FR\" \/>\n<meta property=\"og:type\" content=\"article\" \/>\n<meta property=\"og:title\" content=\"Comment nous aider \u00e0 restaurer ce patrimoine. - Hameau de Kernaou\" \/>\n<meta property=\"og:description\" content=\"Nous portons cette aventure en famille et savons que nous ne pourrons aboutir pleinement et rapidement sans votre soutien. Nous avons besoin d&rsquo;artisans ayant une bonne connaissance du b\u00e2tit ancien, des bras et \u00e7a nous pouvons compter sur notre entourage, mais aussi du financement participatif avec contrepartie pour la restauration de ce patrimoine. Nous nous [&hellip;]\" \/>\n<meta property=\"og:url\" content=\"https:\/\/www.kernaou.bzh\/index.php\/comment-nous-aider-a-restaurer-ce-patrimoine\/\" \/>\n<meta property=\"og:site_name\" content=\"Hameau de Kernaou\" \/>\n<meta property=\"article:modified_time\" content=\"2022-03-01T18:13:02+00:00\" \/>\n<meta property=\"og:image\" content=\"http:\/\/www.kernaou.bzh\/wp-content\/uploads\/2022\/03\/Fichier-9KERNAOU-972x1024.png\" \/>\n<meta name=\"twitter:card\" content=\"summary_large_image\" \/>\n<meta name=\"twitter:label1\" content=\"Dur\u00e9e de lecture estim\u00e9e\" \/>\n\t<meta name=\"twitter:data1\" content=\"2 minutes\" \/>\n<script type=\"application\/ld+json\" class=\"yoast-schema-graph\">{\"@context\":\"https:\\\/\\\/schema.org\",\"@graph\":[{\"@type\":\"WebPage\",\"@id\":\"https:\\\/\\\/www.kernaou.bzh\\\/index.php\\\/comment-nous-aider-a-restaurer-ce-patrimoine\\\/\",\"url\":\"https:\\\/\\\/www.kernaou.bzh\\\/index.php\\\/comment-nous-aider-a-restaurer-ce-patrimoine\\\/\",\"name\":\"Comment nous aider \u00e0 restaurer ce patrimoine. - Hameau de Kernaou\",\"isPartOf\":{\"@id\":\"https:\\\/\\\/www.kernaou.bzh\\\/#website\"},\"primaryImageOfPage\":{\"@id\":\"https:\\\/\\\/www.kernaou.bzh\\\/index.php\\\/comment-nous-aider-a-restaurer-ce-patrimoine\\\/#primaryimage\"},\"image\":{\"@id\":\"https:\\\/\\\/www.kernaou.bzh\\\/index.php\\\/comment-nous-aider-a-restaurer-ce-patrimoine\\\/#primaryimage\"},\"thumbnailUrl\":\"http:\\\/\\\/www.kernaou.bzh\\\/wp-content\\\/uploads\\\/2022\\\/03\\\/Fichier-9KERNAOU-972x1024.png\",\"datePublished\":\"2022-03-01T17:38:28+00:00\",\"dateModified\":\"2022-03-01T18:13:02+00:00\",\"breadcrumb\":{\"@id\":\"https:\\\/\\\/www.kernaou.bzh\\\/index.php\\\/comment-nous-aider-a-restaurer-ce-patrimoine\\\/#breadcrumb\"},\"inLanguage\":\"fr-FR\",\"potentialAction\":[{\"@type\":\"ReadAction\",\"target\":[\"https:\\\/\\\/www.kernaou.bzh\\\/index.php\\\/comment-nous-aider-a-restaurer-ce-patrimoine\\\/\"]}]},{\"@type\":\"ImageObject\",\"inLanguage\":\"fr-FR\",\"@id\":\"https:\\\/\\\/www.kernaou.bzh\\\/index.php\\\/comment-nous-aider-a-restaurer-ce-patrimoine\\\/#primaryimage\",\"url\":\"https:\\\/\\\/www.kernaou.bzh\\\/wp-content\\\/uploads\\\/2022\\\/03\\\/Fichier-9KERNAOU.png\",\"contentUrl\":\"https:\\\/\\\/www.kernaou.bzh\\\/wp-content\\\/uploads\\\/2022\\\/03\\\/Fichier-9KERNAOU.png\",\"width\":2541,\"height\":2676},{\"@type\":\"BreadcrumbList\",\"@id\":\"https:\\\/\\\/www.kernaou.bzh\\\/index.php\\\/comment-nous-aider-a-restaurer-ce-patrimoine\\\/#breadcrumb\",\"itemListElement\":[{\"@type\":\"ListItem\",\"position\":1,\"name\":\"Accueil\",\"item\":\"https:\\\/\\\/www.kernaou.bzh\\\/\"},{\"@type\":\"ListItem\",\"position\":2,\"name\":\"Comment nous aider \u00e0 restaurer ce patrimoine.\"}]},{\"@type\":\"WebSite\",\"@id\":\"https:\\\/\\\/www.kernaou.bzh\\\/#website\",\"url\":\"https:\\\/\\\/www.kernaou.bzh\\\/\",\"name\":\"Hameau de Kernaou\",\"description\":\"Redonnons vie \u00e0 ce patrimoine\",\"publisher\":{\"@id\":\"https:\\\/\\\/www.kernaou.bzh\\\/#organization\"},\"potentialAction\":[{\"@type\":\"SearchAction\",\"target\":{\"@type\":\"EntryPoint\",\"urlTemplate\":\"https:\\\/\\\/www.kernaou.bzh\\\/?s={search_term_string}\"},\"query-input\":{\"@type\":\"PropertyValueSpecification\",\"valueRequired\":true,\"valueName\":\"search_term_string\"}}],\"inLanguage\":\"fr-FR\"},{\"@type\":\"Organization\",\"@id\":\"https:\\\/\\\/www.kernaou.bzh\\\/#organization\",\"name\":\"Hameau de Kernaou\",\"url\":\"https:\\\/\\\/www.kernaou.bzh\\\/\",\"logo\":{\"@type\":\"ImageObject\",\"inLanguage\":\"fr-FR\",\"@id\":\"https:\\\/\\\/www.kernaou.bzh\\\/#\\\/schema\\\/logo\\\/image\\\/\",\"url\":\"https:\\\/\\\/www.kernaou.bzh\\\/wp-content\\\/uploads\\\/2021\\\/09\\\/cropped-cropped-cropped-cropped-Capture-decran-2021-09-12-a-16.15.43-1.png\",\"contentUrl\":\"https:\\\/\\\/www.kernaou.bzh\\\/wp-content\\\/uploads\\\/2021\\\/09\\\/cropped-cropped-cropped-cropped-Capture-decran-2021-09-12-a-16.15.43-1.png\",\"width\":512,\"height\":512,\"caption\":\"Hameau de Kernaou\"},\"image\":{\"@id\":\"https:\\\/\\\/www.kernaou.bzh\\\/#\\\/schema\\\/logo\\\/image\\\/\"}}]}<\/script>\n<!-- \/ Yoast SEO plugin. -->","yoast_head_json":{"title":"Comment nous aider \u00e0 restaurer ce patrimoine. - Hameau de Kernaou","robots":{"index":"index","follow":"follow","max-snippet":"max-snippet:-1","max-image-preview":"max-image-preview:large","max-video-preview":"max-video-preview:-1"},"canonical":"https:\/\/www.kernaou.bzh\/index.php\/comment-nous-aider-a-restaurer-ce-patrimoine\/","og_locale":"fr_FR","og_type":"article","og_title":"Comment nous aider \u00e0 restaurer ce patrimoine. - Hameau de Kernaou","og_description":"Nous portons cette aventure en famille et savons que nous ne pourrons aboutir pleinement et rapidement sans votre soutien. Nous avons besoin d&rsquo;artisans ayant une bonne connaissance du b\u00e2tit ancien, des bras et \u00e7a nous pouvons compter sur notre entourage, mais aussi du financement participatif avec contrepartie pour la restauration de ce patrimoine. Nous nous [&hellip;]","og_url":"https:\/\/www.kernaou.bzh\/index.php\/comment-nous-aider-a-restaurer-ce-patrimoine\/","og_site_name":"Hameau de Kernaou","article_modified_time":"2022-03-01T18:13:02+00:00","og_image":[{"url":"http:\/\/www.kernaou.bzh\/wp-content\/uploads\/2022\/03\/Fichier-9KERNAOU-972x1024.png","type":"","width":"","height":""}],"twitter_card":"summary_large_image","twitter_misc":{"Dur\u00e9e de lecture estim\u00e9e":"2 minutes"},"schema":{"@context":"https:\/\/schema.org","@graph":[{"@type":"WebPage","@id":"https:\/\/www.kernaou.bzh\/index.php\/comment-nous-aider-a-restaurer-ce-patrimoine\/","url":"https:\/\/www.kernaou.bzh\/index.php\/comment-nous-aider-a-restaurer-ce-patrimoine\/","name":"Comment nous aider \u00e0 restaurer ce patrimoine. - Hameau de Kernaou","isPartOf":{"@id":"https:\/\/www.kernaou.bzh\/#website"},"primaryImageOfPage":{"@id":"https:\/\/www.kernaou.bzh\/index.php\/comment-nous-aider-a-restaurer-ce-patrimoine\/#primaryimage"},"image":{"@id":"https:\/\/www.kernaou.bzh\/index.php\/comment-nous-aider-a-restaurer-ce-patrimoine\/#primaryimage"},"thumbnailUrl":"http:\/\/www.kernaou.bzh\/wp-content\/uploads\/2022\/03\/Fichier-9KERNAOU-972x1024.png","datePublished":"2022-03-01T17:38:28+00:00","dateModified":"2022-03-01T18:13:02+00:00","breadcrumb":{"@id":"https:\/\/www.kernaou.bzh\/index.php\/comment-nous-aider-a-restaurer-ce-patrimoine\/#breadcrumb"},"inLanguage":"fr-FR","potentialAction":[{"@type":"ReadAction","target":["https:\/\/www.kernaou.bzh\/index.php\/comment-nous-aider-a-restaurer-ce-patrimoine\/"]}]},{"@type":"ImageObject","inLanguage":"fr-FR","@id":"https:\/\/www.kernaou.bzh\/index.php\/comment-nous-aider-a-restaurer-ce-patrimoine\/#primaryimage","url":"https:\/\/www.kernaou.bzh\/wp-content\/uploads\/2022\/03\/Fichier-9KERNAOU.png","contentUrl":"https:\/\/www.kernaou.bzh\/wp-content\/uploads\/2022\/03\/Fichier-9KERNAOU.png","width":2541,"height":2676},{"@type":"BreadcrumbList","@id":"https:\/\/www.kernaou.bzh\/index.php\/comment-nous-aider-a-restaurer-ce-patrimoine\/#breadcrumb","itemListElement":[{"@type":"ListItem","position":1,"name":"Accueil","item":"https:\/\/www.kernaou.bzh\/"},{"@type":"ListItem","position":2,"name":"Comment nous aider \u00e0 restaurer ce patrimoine."}]},{"@type":"WebSite","@id":"https:\/\/www.kernaou.bzh\/#website","url":"https:\/\/www.kernaou.bzh\/","name":"Hameau de Kernaou","description":"Redonnons vie \u00e0 ce patrimoine","publisher":{"@id":"https:\/\/www.kernaou.bzh\/#organization"},"potentialAction":[{"@type":"SearchAction","target":{"@type":"EntryPoint","urlTemplate":"https:\/\/www.kernaou.bzh\/?s={search_term_string}"},"query-input":{"@type":"PropertyValueSpecification","valueRequired":true,"valueName":"search_term_string"}}],"inLanguage":"fr-FR"},{"@type":"Organization","@id":"https:\/\/www.kernaou.bzh\/#organization","name":"Hameau de Kernaou","url":"https:\/\/www.kernaou.bzh\/","logo":{"@type":"ImageObject","inLanguage":"fr-FR","@id":"https:\/\/www.kernaou.bzh\/#\/schema\/logo\/image\/","url":"https:\/\/www.kernaou.bzh\/wp-content\/uploads\/2021\/09\/cropped-cropped-cropped-cropped-Capture-decran-2021-09-12-a-16.15.43-1.png","contentUrl":"https:\/\/www.kernaou.bzh\/wp-content\/uploads\/2021\/09\/cropped-cropped-cropped-cropped-Capture-decran-2021-09-12-a-16.15.43-1.png","width":512,"height":512,"caption":"Hameau de Kernaou"},"image":{"@id":"https:\/\/www.kernaou.bzh\/#\/schema\/logo\/image\/"}}]}},"_links":{"self":[{"href":"https:\/\/www.kernaou.bzh\/index.php\/wp-json\/wp\/v2\/pages\/375","targetHints":{"allow":["GET"]}}],"collection":[{"href":"https:\/\/www.kernaou.bzh\/index.php\/wp-json\/wp\/v2\/pages"}],"about":[{"href":"https:\/\/www.kernaou.bzh\/index.php\/wp-json\/wp\/v2\/types\/page"}],"author":[{"embeddable":true,"href":"https:\/\/www.kernaou.bzh\/index.php\/wp-json\/wp\/v2\/users\/1"}],"replies":[{"embeddable":true,"href":"https:\/\/www.kernaou.bzh\/index.php\/wp-json\/wp\/v2\/comments?post=375"}],"version-history":[{"count":2,"href":"https:\/\/www.kernaou.bzh\/index.php\/wp-json\/wp\/v2\/pages\/375\/revisions"}],"predecessor-version":[{"id":383,"href":"https:\/\/www.kernaou.bzh\/index.php\/wp-json\/wp\/v2\/pages\/375\/revisions\/383"}],"wp:attachment":[{"href":"https:\/\/www.kernaou.bzh\/index.php\/wp-json\/wp\/v2\/media?parent=375"}],"curies":[{"name":"wp","href":"https:\/\/api.w.org\/{rel}","templated":true}]}}